{"id":3486,"date":"2020-05-13T12:10:27","date_gmt":"2020-05-13T10:10:27","guid":{"rendered":"https:\/\/ninetheme.com\/themes\/wavo\/?page_id=3486"},"modified":"2020-10-02T20:19:50","modified_gmt":"2020-10-02T18:19:50","slug":"kontakt-3","status":"publish","type":"page","link":"https:\/\/www.cowo.at\/home\/kontakt\/kontakt-3\/","title":{"rendered":"Kontakt"},"content":{"rendered":"\t\t<div data-elementor-type=\"wp-page\" data-elementor-id=\"3486\" class=\"elementor elementor-3486\" data-elementor-settings=\"[]\">\n\t\t\t\t\t\t<div class=\"elementor-inner\">\n\t\t\t\t\t\t\t<div class=\"elementor-section-wrap\">\n\t\t\t\t\t\t\t<section data-wavo-parallax=\"{&quot;type&quot;:&quot;scroll&quot;,&quot;speed&quot;:&quot;0.4&quot;,&quot;imgsize&quot;:&quot;cover&quot;,&quot;imgsrc&quot;:&quot;https:\/\/ninetheme.com\/themes\/wavo\/wp-content\/uploads\/2020\/05\/eduardo-sanchez-rSRWst-IGlA-unsplash.jpg&quot;,&quot;mobile&quot;:&quot;&quot;}\" class=\"elementor-section elementor-top-section elementor-element elementor-element-2373554b elementor-section-stretched wavo-parallax jarallax parallax-yes elementor-section-boxed elementor-section-height-default elementor-section-height-default\" data-id=\"2373554b\" data-element_type=\"section\" data-settings=\"{&quot;stretch_section&quot;:&quot;section-stretched&quot;,&quot;background_background&quot;:&quot;classic&quot;}\">\n\t\t\t\t\t\t\t<div class=\"elementor-background-overlay\"><\/div>\n\t\t\t\t\t\t\t<div class=\"elementor-container elementor-column-gap-no\">\n\t\t\t\t\t\t\t<div class=\"elementor-row\">\n\t\t\t\t\t<div class=\"elementor-column elementor-col-100 elementor-top-column elementor-element elementor-element-627dd75d\" data-id=\"627dd75d\" data-element_type=\"column\">\n\t\t\t<div class=\"elementor-column-wrap elementor-element-populated\">\n\t\t\t\t\t\t\t<div class=\"elementor-widget-wrap\">\n\t\t\t\t\t\t<div class=\"elementor-element elementor-element-7708a5e4 animated-slow wavo-transform transform-type-translate elementor-invisible elementor-widget elementor-widget-heading\" data-id=\"7708a5e4\" data-element_type=\"widget\" data-settings=\"{&quot;_animation&quot;:&quot;fadeIn&quot;,&quot;_animation_delay&quot;:700}\" data-widget_type=\"heading.default\">\n\t\t\t\t<div class=\"elementor-widget-container\">\n\t\t\t<span class=\"elementor-heading-title elementor-size-default\">Kontaktiere Uns!<\/span>\t\t<\/div>\n\t\t\t\t<\/div>\n\t\t\t\t<div class=\"elementor-element elementor-element-3631c8a wavo-stroke wavo-has-stroke-yes wavo-has-stroke-type stroke-type-part wavo-transform transform-type-translate elementor-invisible elementor-widget elementor-widget-heading\" data-id=\"3631c8a\" data-element_type=\"widget\" data-settings=\"{&quot;_animation&quot;:&quot;fadeIn&quot;,&quot;_animation_delay&quot;:900}\" data-widget_type=\"heading.default\">\n\t\t\t\t<div class=\"elementor-widget-container\">\n\t\t\t<h1 class=\"elementor-heading-title elementor-size-default\">Was wir <b>tun<\/b>.<\/h1>\t\t<\/div>\n\t\t\t\t<\/div>\n\t\t\t\t<section class=\"elementor-section elementor-inner-section elementor-element elementor-element-3049b773 elementor-section-boxed elementor-section-height-default elementor-section-height-default\" data-id=\"3049b773\" data-element_type=\"section\">\n\t\t\t\t\t\t<div class=\"elementor-container elementor-column-gap-no\">\n\t\t\t\t\t\t\t<div class=\"elementor-row\">\n\t\t\t\t\t<div class=\"elementor-column elementor-col-100 elementor-inner-column elementor-element elementor-element-2566a573\" data-id=\"2566a573\" data-element_type=\"column\">\n\t\t\t<div class=\"elementor-column-wrap elementor-element-populated\">\n\t\t\t\t\t\t\t<div class=\"elementor-widget-wrap\">\n\t\t\t\t\t\t<div class=\"elementor-element elementor-element-6f7df2da elementor-widget elementor-widget-text-editor\" data-id=\"6f7df2da\" data-element_type=\"widget\" data-widget_type=\"text-editor.default\">\n\t\t\t\t<div class=\"elementor-widget-container\">\n\t\t\t\t\t<div class=\"elementor-text-editor elementor-clearfix\"><p>COWO steht f\u00fcr l\u00f6sungsorientierte Unternehmensberatung, Webdesign und Webdeveopment f\u00fcr die verschiedensten Branchen. Au\u00dferdem k\u00fcmmern wir uns um Deinen Social Media-Auftritt.<br \/><br \/><\/p><\/div>\n\t\t\t\t<\/div>\n\t\t\t\t<\/div>\n\t\t\t\t\t\t<\/div>\n\t\t\t\t\t<\/div>\n\t\t<\/div>\n\t\t\t\t\t\t\t\t<\/div>\n\t\t\t\t\t<\/div>\n\t\t<\/section>\n\t\t\t\t\t\t<\/div>\n\t\t\t\t\t<\/div>\n\t\t<\/div>\n\t\t\t\t\t\t\t\t<\/div>\n\t\t\t\t\t<\/div>\n\t\t<\/section>\n\t\t\t\t<section class=\"elementor-section elementor-top-section elementor-element elementor-element-748896f elementor-section-boxed elementor-section-height-default elementor-section-height-default\" data-id=\"748896f\" data-element_type=\"section\" data-settings=\"{&quot;background_background&quot;:&quot;classic&quot;}\">\n\t\t\t\t\t\t<div class=\"elementor-container elementor-column-gap-default\">\n\t\t\t\t\t\t\t<div class=\"elementor-row\">\n\t\t\t\t\t<div class=\"elementor-column elementor-col-100 elementor-top-column elementor-element elementor-element-0fd31e0\" data-id=\"0fd31e0\" data-element_type=\"column\">\n\t\t\t<div class=\"elementor-column-wrap elementor-element-populated\">\n\t\t\t\t\t\t\t<div class=\"elementor-widget-wrap\">\n\t\t\t\t\t\t<section class=\"elementor-section elementor-inner-section elementor-element elementor-element-a49caa5 elementor-section-content-top elementor-section-boxed elementor-section-height-default elementor-section-height-default\" data-id=\"a49caa5\" data-element_type=\"section\" data-settings=\"{&quot;background_background&quot;:&quot;classic&quot;}\">\n\t\t\t\t\t\t<div class=\"elementor-container elementor-column-gap-wider\">\n\t\t\t\t\t\t\t<div class=\"elementor-row\">\n\t\t\t\t\t<div class=\"elementor-column elementor-col-50 elementor-inner-column elementor-element elementor-element-1c32ba7\" data-id=\"1c32ba7\" data-element_type=\"column\">\n\t\t\t<div class=\"elementor-column-wrap elementor-element-populated\">\n\t\t\t\t\t\t\t<div class=\"elementor-widget-wrap\">\n\t\t\t\t\t\t<div class=\"elementor-element elementor-element-2682db2 wavo-transform transform-type-translate elementor-widget elementor-widget-heading\" data-id=\"2682db2\" data-element_type=\"widget\" data-widget_type=\"heading.default\">\n\t\t\t\t<div class=\"elementor-widget-container\">\n\t\t\t<h3 class=\"elementor-heading-title elementor-size-default\">Kontaktiere uns.  <\/h3>\t\t<\/div>\n\t\t\t\t<\/div>\n\t\t\t\t<div class=\"elementor-element elementor-element-9b82aae elementor-invisible elementor-widget elementor-widget-text-editor\" data-id=\"9b82aae\" data-element_type=\"widget\" data-settings=\"{&quot;_animation&quot;:&quot;fadeIn&quot;,&quot;_animation_delay&quot;:600}\" data-widget_type=\"text-editor.default\">\n\t\t\t\t<div class=\"elementor-widget-container\">\n\t\t\t\t\t<div class=\"elementor-text-editor elementor-clearfix\"><p>F\u00fcr Anfragen, W\u00fcnsche, Anregungen und Feedback stehen wir dir gerne zur Verf\u00fcgung.<\/p><\/div>\n\t\t\t\t<\/div>\n\t\t\t\t<\/div>\n\t\t\t\t<div class=\"elementor-element elementor-element-f1bd7aa elementor-shape-circle animated-slow elementor-grid-0 elementor-invisible elementor-widget elementor-widget-social-icons\" data-id=\"f1bd7aa\" data-element_type=\"widget\" data-settings=\"{&quot;_animation&quot;:&quot;fadeIn&quot;,&quot;_animation_delay&quot;:800}\" data-widget_type=\"social-icons.default\">\n\t\t\t\t<div class=\"elementor-widget-container\">\n\t\t\t\t\t<div class=\"elementor-social-icons-wrapper elementor-grid\">\n\t\t\t\t\t\t\t<div class=\"elementor-grid-item\">\n\t\t\t\t\t<a class=\"elementor-icon elementor-social-icon elementor-social-icon-facebook elementor-repeater-item-8968c97\" href=\"https:\/\/www.facebook.com\/COWO-company-works-108324151034581\/\" target=\"_blank\">\n\t\t\t\t\t\t<span class=\"elementor-screen-only\">Facebook<\/span>\n\t\t\t\t\t\t<i class=\"fab fa-facebook\"><\/i>\t\t\t\t\t<\/a>\n\t\t\t\t<\/div>\n\t\t\t\t\t\t\t<div class=\"elementor-grid-item\">\n\t\t\t\t\t<a class=\"elementor-icon elementor-social-icon elementor-social-icon-linkedin elementor-repeater-item-3757821\" target=\"_blank\">\n\t\t\t\t\t\t<span class=\"elementor-screen-only\">Linkedin<\/span>\n\t\t\t\t\t\t<i class=\"fab fa-linkedin\"><\/i>\t\t\t\t\t<\/a>\n\t\t\t\t<\/div>\n\t\t\t\t\t<\/div>\n\t\t\t\t<\/div>\n\t\t\t\t<\/div>\n\t\t\t\t\t\t<\/div>\n\t\t\t\t\t<\/div>\n\t\t<\/div>\n\t\t\t\t<div class=\"elementor-column elementor-col-50 elementor-inner-column elementor-element elementor-element-812f031\" data-id=\"812f031\" data-element_type=\"column\">\n\t\t\t<div class=\"elementor-column-wrap elementor-element-populated\">\n\t\t\t\t\t\t\t<div class=\"elementor-widget-wrap\">\n\t\t\t\t\t\t<div class=\"elementor-element elementor-element-3a7c1b2 elementor-widget elementor-widget-wavo-contact-form-7\" data-id=\"3a7c1b2\" data-element_type=\"widget\" data-widget_type=\"wavo-contact-form-7.default\">\n\t\t\t\t<div class=\"elementor-widget-container\">\n\t\t\t<div class=\"nt-cf7-form-wrapper form_3a7c1b2\"><div role=\"form\" class=\"wpcf7\" id=\"wpcf7-f3485-o1\" lang=\"en-US\" dir=\"ltr\">\n<div class=\"screen-reader-response\"><p role=\"status\" aria-live=\"polite\" aria-atomic=\"true\"><\/p> <ul><\/ul><\/div>\n<form action=\"\/home\/wp-json\/wp\/v2\/pages\/3486#wpcf7-f3485-o1\" method=\"post\" class=\"wpcf7-form init\" novalidate=\"novalidate\" data-status=\"init\">\n<div style=\"display: none;\">\n<input type=\"hidden\" name=\"_wpcf7\" value=\"3485\" \/>\n<input type=\"hidden\" name=\"_wpcf7_version\" value=\"5.3.2\" \/>\n<input type=\"hidden\" name=\"_wpcf7_locale\" value=\"en_US\" \/>\n<input type=\"hidden\" name=\"_wpcf7_unit_tag\" value=\"wpcf7-f3485-o1\" \/>\n<input type=\"hidden\" name=\"_wpcf7_container_post\" value=\"0\" \/>\n<input type=\"hidden\" name=\"_wpcf7_posted_data_hash\" value=\"\" \/>\n<\/div>\n<div class=\"contact\">\n<div class=\"form\">\n<div class=\"controls\">\n<div class=\"row\">\n<div class=\"col-6\">\n<div class=\"form-group\"><span class=\"wpcf7-form-control-wrap text-906\"><input type=\"text\" name=\"text-906\" value=\"\" size=\"40\" class=\"wpcf7-form-control wpcf7-text wpcf7-validates-as-required\" aria-required=\"true\" aria-invalid=\"false\" placeholder=\"Name\" \/><\/span><\/div>\n<\/div>\n<div class=\"col-6\">\n<div class=\"form-group\"><span class=\"wpcf7-form-control-wrap text-9061\"><input type=\"text\" name=\"text-9061\" value=\"\" size=\"40\" class=\"wpcf7-form-control wpcf7-text wpcf7-validates-as-required\" aria-required=\"true\" aria-invalid=\"false\" placeholder=\"Nachname\" \/><\/span><\/div>\n<\/div>\n<\/div>\n<div class=\"row\">\n<div class=\"col-6\">\n<div class=\"form-group\"><span class=\"wpcf7-form-control-wrap email-51\"><input type=\"email\" name=\"email-51\" value=\"\" size=\"40\" class=\"wpcf7-form-control wpcf7-text wpcf7-email wpcf7-validates-as-required wpcf7-validates-as-email\" aria-required=\"true\" aria-invalid=\"false\" placeholder=\"Deine E-mail-Adresse\" \/><\/span><\/div>\n<\/div>\n<div class=\"col-6\">\n<div class=\"form-group\"><span class=\"wpcf7-form-control-wrap tel-796\"><input type=\"tel\" name=\"tel-796\" value=\"\" size=\"40\" class=\"wpcf7-form-control wpcf7-text wpcf7-tel wpcf7-validates-as-tel\" aria-invalid=\"false\" placeholder=\"Telefonnumar\" \/><\/span><\/div>\n<\/div>\n<\/div>\n<div class=\"form-group\"><span class=\"wpcf7-form-control-wrap menu-801\"><select name=\"menu-801\" class=\"wpcf7-form-control wpcf7-select\" aria-invalid=\"false\"><option value=\"Was ist Dein Anliegen?\">Was ist Dein Anliegen?<\/option><option value=\"Web Design\">Web Design<\/option><option value=\"WordPress\">WordPress<\/option><option value=\"Entertainment\">Entertainment<\/option><option value=\"Design\">Design<\/option><\/select><\/span><\/div>\n<div class=\"form-group\"><span class=\"wpcf7-form-control-wrap textarea-583\"><textarea name=\"textarea-583\" cols=\"40\" rows=\"10\" class=\"wpcf7-form-control wpcf7-textarea wpcf7-validates-as-required\" aria-required=\"true\" aria-invalid=\"false\" placeholder=\"Nachricht\"><\/textarea><\/span><\/div>\n<p><button type=\"submit\" class=\"btn-curve btn-blc wpcf7-submit\"><span>Senden<\/span><\/button>\n<\/div>\n<\/div>\n<\/div>\n<div class=\"wpcf7-response-output\" aria-hidden=\"true\"><\/div><\/form><\/div><\/div>\t\t<\/div>\n\t\t\t\t<\/div>\n\t\t\t\t\t\t<\/div>\n\t\t\t\t\t<\/div>\n\t\t<\/div>\n\t\t\t\t\t\t\t\t<\/div>\n\t\t\t\t\t<\/div>\n\t\t<\/section>\n\t\t\t\t\t\t<\/div>\n\t\t\t\t\t<\/div>\n\t\t<\/div>\n\t\t\t\t\t\t\t\t<\/div>\n\t\t\t\t\t<\/div>\n\t\t<\/section>\n\t\t\t\t<section class=\"elementor-section elementor-top-section elementor-element elementor-element-f834de6 elementor-section-boxed elementor-section-height-default elementor-section-height-default\" data-id=\"f834de6\" data-element_type=\"section\">\n\t\t\t\t\t\t<div class=\"elementor-container elementor-column-gap-default\">\n\t\t\t\t\t\t\t<div class=\"elementor-row\">\n\t\t\t\t\t<div class=\"elementor-column elementor-col-100 elementor-top-column elementor-element elementor-element-611ae1d\" data-id=\"611ae1d\" data-element_type=\"column\">\n\t\t\t<div class=\"elementor-column-wrap elementor-element-populated\">\n\t\t\t\t\t\t\t<div class=\"elementor-widget-wrap\">\n\t\t\t\t\t\t<div class=\"elementor-element elementor-element-78a6a5f elementor-widget elementor-widget-google_maps\" data-id=\"78a6a5f\" data-element_type=\"widget\" data-widget_type=\"google_maps.default\">\n\t\t\t\t<div class=\"elementor-widget-container\">\n\t\t\t<div class=\"elementor-custom-embed\"><iframe frameborder=\"0\" scrolling=\"no\" marginheight=\"0\" marginwidth=\"0\" src=\"https:\/\/maps.google.com\/maps?q=Flachauerstra%C3%9Fe%20159%205542%20Flachau&amp;t=m&amp;z=10&amp;output=embed&amp;iwloc=near\" title=\"Flachauerstra\u00dfe 159 5542 Flachau\" aria-label=\"Flachauerstra\u00dfe 159 5542 Flachau\"><\/iframe><\/div>\t\t<\/div>\n\t\t\t\t<\/div>\n\t\t\t\t\t\t<\/div>\n\t\t\t\t\t<\/div>\n\t\t<\/div>\n\t\t\t\t\t\t\t\t<\/div>\n\t\t\t\t\t<\/div>\n\t\t<\/section>\n\t\t\t\t<section class=\"elementor-section elementor-top-section elementor-element elementor-element-439a1b83 elementor-section-stretched elementor-section-height-min-height elementor-section-items-stretch elementor-section-content-space-between elementor-section-boxed elementor-section-height-default\" data-id=\"439a1b83\" data-element_type=\"section\" data-settings=\"{&quot;stretch_section&quot;:&quot;section-stretched&quot;,&quot;background_background&quot;:&quot;classic&quot;}\">\n\t\t\t\t\t\t\t<div class=\"elementor-background-overlay\"><\/div>\n\t\t\t\t\t\t\t<div class=\"elementor-container elementor-column-gap-default\">\n\t\t\t\t\t\t\t<div class=\"elementor-row\">\n\t\t\t\t\t<div class=\"elementor-column elementor-col-100 elementor-top-column elementor-element elementor-element-7fd76e0c\" data-id=\"7fd76e0c\" data-element_type=\"column\">\n\t\t\t<div class=\"elementor-column-wrap elementor-element-populated\">\n\t\t\t\t\t\t\t<div class=\"elementor-widget-wrap\">\n\t\t\t\t\t\t<section class=\"elementor-section elementor-inner-section elementor-element elementor-element-60c6fb07 elementor-section-boxed elementor-section-height-default elementor-section-height-default\" data-id=\"60c6fb07\" data-element_type=\"section\">\n\t\t\t\t\t\t<div class=\"elementor-container elementor-column-gap-default\">\n\t\t\t\t\t\t\t<div class=\"elementor-row\">\n\t\t\t\t\t<div class=\"elementor-column elementor-col-100 elementor-inner-column elementor-element elementor-element-57cafb2\" data-id=\"57cafb2\" data-element_type=\"column\">\n\t\t\t<div class=\"elementor-column-wrap elementor-element-populated\">\n\t\t\t\t\t\t\t<div class=\"elementor-widget-wrap\">\n\t\t\t\t\t\t<div class=\"elementor-element elementor-element-25a454e9 elementor-widget__width-initial elementor-widget elementor-widget-text-editor\" data-id=\"25a454e9\" data-element_type=\"widget\" data-widget_type=\"text-editor.default\">\n\t\t\t\t<div class=\"elementor-widget-container\">\n\t\t\t\t\t<div class=\"elementor-text-editor elementor-clearfix\"><p>Copyright @ 2020 COWO Company Works.<\/p><\/div>\n\t\t\t\t<\/div>\n\t\t\t\t<\/div>\n\t\t\t\t\t\t<\/div>\n\t\t\t\t\t<\/div>\n\t\t<\/div>\n\t\t\t\t\t\t\t\t<\/div>\n\t\t\t\t\t<\/div>\n\t\t<\/section>\n\t\t\t\t\t\t<\/div>\n\t\t\t\t\t<\/div>\n\t\t<\/div>\n\t\t\t\t\t\t\t\t<\/div>\n\t\t\t\t\t<\/div>\n\t\t<\/section>\n\t\t\t\t\t\t<\/div>\n\t\t\t\t\t\t<\/div>\n\t\t\t\t\t<\/div>\n\t\t","protected":false},"excerpt":{"rendered":"<p>Kontaktiere Uns! Was wir tun. COWO steht f\u00fcr l\u00f6sungsorientierte Unternehmensberatung, Webdesign und Webdeveopment f\u00fcr die verschiedensten Branchen. Au\u00dferdem k\u00fcmmern wir uns um Deinen Social Media-Auftritt. Kontaktiere uns. F\u00fcr Anfragen, W\u00fcnsche, Anregungen und Feedback stehen wir dir gerne zur Verf\u00fcgung. Facebook Linkedin Was ist Dein Anliegen?Web DesignWordPressEntertainmentDesign Senden Copyright @ 2020 COWO Company Works.<\/p>\n","protected":false},"author":3,"featured_media":0,"parent":1993,"menu_order":0,"comment_status":"closed","ping_status":"closed","template":"elementor_canvas","meta":[],"_links":{"self":[{"href":"https:\/\/www.cowo.at\/home\/wp-json\/wp\/v2\/pages\/3486"}],"collection":[{"href":"https:\/\/www.cowo.at\/home\/wp-json\/wp\/v2\/pages"}],"about":[{"href":"https:\/\/www.cowo.at\/home\/wp-json\/wp\/v2\/types\/page"}],"author":[{"embeddable":true,"href":"https:\/\/www.cowo.at\/home\/wp-json\/wp\/v2\/users\/3"}],"replies":[{"embeddable":true,"href":"https:\/\/www.cowo.at\/home\/wp-json\/wp\/v2\/comments?post=3486"}],"version-history":[{"count":8,"href":"https:\/\/www.cowo.at\/home\/wp-json\/wp\/v2\/pages\/3486\/revisions"}],"predecessor-version":[{"id":4046,"href":"https:\/\/www.cowo.at\/home\/wp-json\/wp\/v2\/pages\/3486\/revisions\/4046"}],"up":[{"embeddable":true,"href":"https:\/\/www.cowo.at\/home\/wp-json\/wp\/v2\/pages\/1993"}],"wp:attachment":[{"href":"https:\/\/www.cowo.at\/home\/wp-json\/wp\/v2\/media?parent=3486"}],"curies":[{"name":"wp","href":"https:\/\/api.w.org\/{rel}","templated":true}]}}